{"id":1950,"date":"2024-12-17T13:31:57","date_gmt":"2024-12-17T13:31:57","guid":{"rendered":"https:\/\/www.mindmapmktdigital.com.br\/?page_id=1950"},"modified":"2025-02-21T20:01:05","modified_gmt":"2025-02-21T20:01:05","slug":"blog-2","status":"publish","type":"page","link":"https:\/\/www.mindmapmktdigital.com.br\/?page_id=1950","title":{"rendered":"Blog"},"content":{"rendered":"\t\t<div data-elementor-type=\"wp-page\" data-elementor-id=\"1950\" class=\"elementor elementor-1950\" data-elementor-post-type=\"page\">\n\t\t\t\t<div class=\"elementor-element elementor-element-7c9878e e-flex e-con-boxed e-con e-parent\" data-id=\"7c9878e\" data-element_type=\"container\">\n\t\t\t\t\t<div class=\"e-con-inner\">\n\t\t<div class=\"elementor-element elementor-element-7db1106 e-con-full e-flex e-con e-child\" data-id=\"7db1106\" data-element_type=\"container\">\n\t\t\t\t<div class=\"elementor-element elementor-element-1235feb elementor-widget__width-inherit elementor-widget elementor-widget-global elementor-global-1952 elementor-widget-avrixheader\" data-id=\"1235feb\" data-element_type=\"widget\" data-widget_type=\"avrixheader.default\">\n\t\t\t\t<div class=\"elementor-widget-container\">\n\t\t\t<!-- Start Navigation --><nav class=\"navbar mobile-sidenav navbar-sticky navbar-default validnavs navbar-fixed white no-background\"><div class=\"container d-flex justify-content-between align-items-center\">            <!-- Start Header Navigation --><div class=\"navbar-header\"><button type=\"button\" class=\"navbar-toggle\" data-toggle=\"collapse\" data-target=\"#navbar-menu\"><i class=\"fa fa-bars\"><\/i><\/button><a class=\"navbar-brand\" href=\"#\"><img decoding=\"async\" src=\"https:\/\/www.mindmapmktdigital.com.br\/wp-content\/uploads\/2024\/10\/MKT_sFundoB.png\" alt=\"Mind%20Map%20MKT%20Digital\"  class=\"logo\" \/><\/a><\/div><!-- End Header Navigation --><!-- Collect the nav links, forms, and other content for toggling --><div class=\"collapse navbar-collapse\" id=\"navbar-menu\"><img decoding=\"async\" src=\"https:\/\/www.mindmapmktdigital.com.br\/wp-content\/uploads\/2024\/09\/MKT_sFundoP.png\" alt=\"Mind%20Map%20MKT%20Digital\"  \/><button type=\"button\" class=\"navbar-toggle\" data-toggle=\"collapse\" data-target=\"#navbar-menu\"><i class=\"fa fa-times\"><\/i><\/button><ul data-in=\"fadeInDown\" data-out=\"fadeOutUp\" class=\"nav navbar-nav navbar-center\" id=\"menu-primary-menu\"><li id=\"menu-item-536\" class=\"menu-item menu-item-type-custom menu-item-object-custom menu-item-has-children menu-item-536 dropdown\"><a   title=\"Sobre a Mind Map\" href=\"#\" class=\"dropdown-toggle\" data-toggle=\"dropdown\">Sobre a Mind Map<\/a>\n<ul class=\" dropdown-menu\" >\n\t<li id=\"menu-item-566\" class=\"menu-item menu-item-type-post_type menu-item-object-page menu-item-566\"><a   title=\"Sobre n\u00f3s\" href=\"https:\/\/www.mindmapmktdigital.com.br\/?page_id=551\">Sobre n\u00f3s<\/a><\/li>\n<\/ul>\n<\/li>\n<li id=\"menu-item-650\" class=\"menu-item menu-item-type-custom menu-item-object-custom menu-item-has-children menu-item-650 dropdown\"><a   title=\"Servi\u00e7os\" href=\"#\" class=\"dropdown-toggle\" data-toggle=\"dropdown\">Servi\u00e7os<\/a>\n<ul class=\" dropdown-menu\" >\n\t<li id=\"menu-item-1741\" class=\"menu-item menu-item-type-custom menu-item-object-custom menu-item-1741\"><a   title=\"Guia r\u00e1pido de servi\u00e7os\" href=\"https:\/\/www.mindmapmktdigital.com.br\/?page_id=1074\">Guia r\u00e1pido de servi\u00e7os<\/a><\/li>\n<\/ul>\n<\/li>\n<li id=\"menu-item-718\" class=\"menu-item menu-item-type-custom menu-item-object-custom menu-item-718\"><a   title=\"Blog\" href=\"https:\/\/www.mindmapmktdigital.com.br\/?page_id=1950\">Blog<\/a><\/li>\n<li id=\"menu-item-721\" class=\"menu-item menu-item-type-post_type menu-item-object-page menu-item-721\"><a   title=\"Contato\" href=\"https:\/\/www.mindmapmktdigital.com.br\/?page_id=703\">Contato<\/a><\/li>\n<\/ul> <\/div><!-- \/.navbar-collapse --><\/div>  <!-- Overlay screen for menu --><div class=\"overlay-screen\"><\/div><!-- End Overlay screen for menu --> <\/nav><!-- End Navigation -->\t\t<\/div>\n\t\t\t\t<\/div>\n\t\t\t\t<\/div>\n\t\t\t\t\t<\/div>\n\t\t\t\t<\/div>\n\t\t<div class=\"elementor-element elementor-element-1750e6f e-flex e-con-boxed e-con e-parent\" data-id=\"1750e6f\" data-element_type=\"container\">\n\t\t\t\t\t<div class=\"e-con-inner\">\n\t\t\t\t\t<\/div>\n\t\t\t\t<\/div>\n\t\t<div class=\"elementor-element elementor-element-e361ad0 e-flex e-con-boxed e-con e-parent\" data-id=\"e361ad0\" data-element_type=\"container\">\n\t\t\t\t\t<div class=\"e-con-inner\">\n\t\t\t\t\t<\/div>\n\t\t\t\t<\/div>\n\t\t<div class=\"elementor-element elementor-element-0eaccd7 e-flex e-con-boxed e-con e-parent\" data-id=\"0eaccd7\" data-element_type=\"container\">\n\t\t\t\t\t<div class=\"e-con-inner\">\n\t\t\t\t\t<\/div>\n\t\t\t\t<\/div>\n\t\t<div class=\"elementor-element elementor-element-a9196a8 e-flex e-con-boxed e-con e-parent\" data-id=\"a9196a8\" data-element_type=\"container\">\n\t\t\t\t\t<div class=\"e-con-inner\">\n\t\t\t\t\t<\/div>\n\t\t\t\t<\/div>\n\t\t<div class=\"elementor-element elementor-element-fb1c5bc e-flex e-con-boxed e-con e-parent\" data-id=\"fb1c5bc\" data-element_type=\"container\">\n\t\t\t\t\t<div class=\"e-con-inner\">\n\t\t\t\t<div class=\"elementor-element elementor-element-ae64493 elementor-widget elementor-widget-avrixblogpost\" data-id=\"ae64493\" data-element_type=\"widget\" data-widget_type=\"avrixblogpost.default\">\n\t\t\t\t<div class=\"elementor-widget-container\">\n\t\t\t<div class=\"blog-area home-blog blog-style-two-area\"><div class=\"container\"><div class=\"row\"><div class=\"col-lg-8 offset-lg-2\"><div class=\"site-heading text-center\"><h4 class=\"sub-title\">BLOG<\/h4><h2 class=\"title\">Mkt digital ao seu alcance\n<\/h2><\/div><\/div><\/div><\/div><div class=\"container\"><div class=\"row\"><!-- Single Item --><div class=\"col-lg-6 col-md-6 mb-30\"><div class=\"home-blog-two \"><div class=\"thumb\"><a href=\"https:\/\/www.mindmapmktdigital.com.br\/?p=338\"><img fetchpriority=\"high\" decoding=\"async\" width=\"618\" height=\"464\" src=\"https:\/\/www.mindmapmktdigital.com.br\/wp-content\/uploads\/2023\/08\/17-618x464.jpg\" class=\"attachment-avrix_618X464 size-avrix_618X464 wp-post-image\" alt=\"\" \/><\/a><div class=\"date\">28 <strong>jul<\/strong><\/div><\/div><div class=\"info\"><div class=\"content\"><div class=\"meta\"><ul><li><a href=\"https:\/\/www.mindmapmktdigital.com.br\/?author=1\">Admin<\/a><\/li><li><a href=\"https:\/\/www.mindmapmktdigital.com.br\/?p=338#respond\">0 Comment <\/a><\/li><\/ul><\/div><h3 class=\"post-title\"><a href=\"https:\/\/www.mindmapmktdigital.com.br\/?p=338\">Conhe\u00e7a o M\u00e9todo AIDA<\/a><\/h3><a href=\"https:\/\/www.mindmapmktdigital.com.br\/?p=338\" class=\"button-regular\">Leia Mais <i class=\"fas fa-arrow-right\"><\/i><\/a><\/div><\/div><\/div><\/div><!-- End Single Item --><!-- Single Item --><div class=\"col-lg-6 col-md-6 mb-30\"><div class=\"home-blog-two \"><div class=\"thumb\"><a href=\"https:\/\/www.mindmapmktdigital.com.br\/?p=341\"><img decoding=\"async\" width=\"618\" height=\"464\" src=\"https:\/\/www.mindmapmktdigital.com.br\/wp-content\/uploads\/2025\/01\/Social_Media_Gestao_de_Redes_Sociais-618x464.png\" class=\"attachment-avrix_618X464 size-avrix_618X464 wp-post-image\" alt=\"Influencer e Valor de Marca nas Redes Sociais\" \/><\/a><div class=\"date\">28 <strong>jul<\/strong><\/div><\/div><div class=\"info\"><div class=\"content\"><div class=\"meta\"><ul><li><a href=\"https:\/\/www.mindmapmktdigital.com.br\/?author=1\">Admin<\/a><\/li><li><a href=\"https:\/\/www.mindmapmktdigital.com.br\/?p=341#respond\">0 Comment <\/a><\/li><\/ul><\/div><h3 class=\"post-title\"><a href=\"https:\/\/www.mindmapmktdigital.com.br\/?p=341\">Insights Valiosos de M\u00eddias Sociais<\/a><\/h3><a href=\"https:\/\/www.mindmapmktdigital.com.br\/?p=341\" class=\"button-regular\">Leia Mais <i class=\"fas fa-arrow-right\"><\/i><\/a><\/div><\/div><\/div><\/div><!-- End Single Item --><!-- Single Item --><div class=\"col-lg-6 col-md-6 mb-30\"><div class=\"home-blog-two \"><div class=\"thumb\"><a href=\"https:\/\/www.mindmapmktdigital.com.br\/?p=2303\"><img decoding=\"async\" width=\"618\" height=\"464\" src=\"https:\/\/www.mindmapmktdigital.com.br\/wp-content\/uploads\/2023\/07\/1-2-1-618x464.jpg\" class=\"attachment-avrix_618X464 size-avrix_618X464 wp-post-image\" alt=\"\" \/><\/a><div class=\"date\">28 <strong>fev<\/strong><\/div><\/div><div class=\"info\"><div class=\"content\"><div class=\"meta\"><ul><li><a href=\"https:\/\/www.mindmapmktdigital.com.br\/?author=1\">Admin<\/a><\/li><li><a href=\"https:\/\/www.mindmapmktdigital.com.br\/?p=2303#respond\">0 Comment <\/a><\/li><\/ul><\/div><h3 class=\"post-title\"><a href=\"https:\/\/www.mindmapmktdigital.com.br\/?p=2303\">Navegar Sem Rumo ou Seguir um Plano?<\/a><\/h3><a href=\"https:\/\/www.mindmapmktdigital.com.br\/?p=2303\" class=\"button-regular\">Leia Mais <i class=\"fas fa-arrow-right\"><\/i><\/a><\/div><\/div><\/div><\/div><!-- End Single Item --><!-- Single Item --><div class=\"col-lg-6 col-md-6 mb-30\"><div class=\"home-blog-two \"><div class=\"thumb\"><a href=\"https:\/\/www.mindmapmktdigital.com.br\/?p=2333\"><img loading=\"lazy\" decoding=\"async\" width=\"618\" height=\"464\" src=\"https:\/\/www.mindmapmktdigital.com.br\/wp-content\/uploads\/2023\/07\/h4-618x464.jpg\" class=\"attachment-avrix_618X464 size-avrix_618X464 wp-post-image\" alt=\"\" \/><\/a><div class=\"date\">11 <strong>abr<\/strong><\/div><\/div><div class=\"info\"><div class=\"content\"><div class=\"meta\"><ul><li><a href=\"https:\/\/www.mindmapmktdigital.com.br\/?author=1\">Admin<\/a><\/li><li><a href=\"https:\/\/www.mindmapmktdigital.com.br\/?p=2333#respond\">0 Comment <\/a><\/li><\/ul><\/div><h3 class=\"post-title\"><a href=\"https:\/\/www.mindmapmktdigital.com.br\/?p=2333\">Relat\u00f3rios de Marketing Gratuitos<\/a><\/h3><a href=\"https:\/\/www.mindmapmktdigital.com.br\/?p=2333\" class=\"button-regular\">Leia Mais <i class=\"fas fa-arrow-right\"><\/i><\/a><\/div><\/div><\/div><\/div><!-- End Single Item --><\/div><\/div><\/div>\t\t<\/div>\n\t\t\t\t<\/div>\n\t\t\t\t\t<\/div>\n\t\t\t\t<\/div>\n\t\t<div class=\"elementor-element elementor-element-a69d7d4 e-flex e-con-boxed e-con e-parent\" data-id=\"a69d7d4\" data-element_type=\"container\">\n\t\t\t\t\t<div class=\"e-con-inner\">\n\t\t\t\t<div class=\"elementor-element elementor-element-1797 elementor-widget elementor-widget-global elementor-global-1797 elementor-widget-html\" data-id=\"1797\" data-element_type=\"widget\" data-widget_type=\"html.default\">\n\t\t\t\t<div class=\"elementor-widget-container\">\n\t\t\t<footer class=\" footer-custom-style\"><div class=\"footer-box\"><div class=\"container\"><div class=\"f-items default-padding-bottom pt-70 pt-xs-0\"><div class=\"row\"><div class=\"col-lg-3 col-md-6 footer-item mt-50\"><div id=\"avrix_aboutus_widget-1\" class=\"widget footer-widget no-class\"><div class=\"f-item about pr-50 pr-xs-0 pr-md-0 \"><img decoding=\"async\" src=\"https:\/\/www.mindmapmktdigital.com.br\/wp-content\/uploads\/2024\/09\/MKT_sFundoP.png\" alt=\"Mind%20Map%20MKT%20Digital\" class=\"logo\"><p>Sua identidade define quem voc\u00ea \u00e9, sua estrat\u00e9gia mostra at\u00e9 onde pode chegar. Fa\u00e7a seu Marketing Digital com quem entende! <\/p><div class=\"footer-social mt-30\"><ul><li><a href=\"https:\/\/www.facebook.com\/profile.php?id=61568114687481\"><i class=\"fab fa-facebook-f\"><\/i><\/a><\/li><li><a href=\"https:\/\/www.instagram.com\/mindmap.mktdigital\/\"><i class=\"fab fa-instagram\"><\/i><\/a><\/li><li><a href=\"https:\/\/www.fa-instagram.com\/company\/mkt-mind-map\/r=true\"><i class=\"fab fa-linkedin-in\"><\/i><\/a><\/li><\/ul><\/div><\/div><\/div><\/div><div class=\"col-lg-3 col-md-6 mt-50 footer-item pl-50 pl-md-15 pl-xs-15\"><div id=\"nav_menu-1\" class=\"f-item link footer-widget widget_nav_menu\"><h4 class=\"widget-title\">Seja Notado <\/h4><div class=\"menu-principal-container\"><ul id=\"menu-principal\" class=\"menu\">\r\n<\/h4><p> Destaque-se com as melhores estrat\u00e9gias digitais, por meio do storytelling, marketing digital, realidade aumentada e 3D.<\/p>\r\n\r\n<\/ul><\/div><\/div><\/div><div class=\"col-lg-3 col-md-6 footer-item  mt-50\"><div id=\"avrix_contact_info_widget-1\" class=\" footer-widget f-item contact\"><!-- About Widget Start --><h4 class=\"widget-title\">Contato<\/h4><ul><li><div class=\"content\"><strong><\/strong>Curitiba - Brasil <\/div><\/li><li><div class=\"content\"><strong>Email:<\/strong><a href=\"mailto:contato@mindmapmktdigital.com.br\">contato@mindmapmktdigital.com.br<\/a><\/div><\/li><li><div class=\"content\"><strong>Whats App Comercial<\/strong><a href=\"tel:+55 (41) 991599399 \">+55 (41) 99159-9399<\/a><\/div><\/li><\/ul><\/div><\/div><!-- About Widget End --><div class=\"col-lg-3 col-md-6 footer-item mt-50\"><div id=\"avrix_cta_widget-1\" class=\"footer-widget f-item newsletter\"><h4 class=\"widget-title\">Newsletter<\/h4><p> Se inscreva para receber dicas valiosas sobre Marketing Digital. <\/p><form class=\"newsletter-form\"><input type=\"e-mail\" placeholder=\"E-mail\" class=\"form-control\" name=\"email\"><button type=\"submit\"> <i class=\"fas fa-arrow-right\"><\/i><\/button>  <\/form><\/div><\/div><!-- End of Author Widget --><\/div><\/div><\/div><!-- Start Footer Bottom --><div class=\"footer-bottom bg-dark text-light text-center\"><div class=\"container\"><div class=\"row\"><div class=\"col-lg-9 offset-lg-3\"><p>Mind Map MKT Digital - Todos os direitos reservados. \r\n<\/footer>\t\t<\/div>\n\t\t\t\t<\/div>\n\t\t\t\t\t<\/div>\n\t\t\t\t<\/div>\n\t\t<div class=\"elementor-element elementor-element-d8c9cb0 e-flex e-con-boxed e-con e-parent\" data-id=\"d8c9cb0\" data-element_type=\"container\">\n\t\t\t\t\t<div class=\"e-con-inner\">\n\t\t\t\t\t<\/div>\n\t\t\t\t<\/div>\n\t\t\t\t<\/div>\n\t\t","protected":false},"excerpt":{"rendered":"<p>Sobre a Mind Map Sobre n\u00f3s Servi\u00e7os Guia r\u00e1pido de servi\u00e7os Blog Contato BLOG Mkt digital ao seu alcance 28 jul Admin 0 Comment Conhe\u00e7a o M\u00e9todo AIDA Leia Mais 28 jul Admin 0 Comment Insights Valiosos de M\u00eddias Sociais Leia Mais Sua identidade define quem voc\u00ea \u00e9, sua estrat\u00e9gia mostra at\u00e9 onde pode chegar&#8230;.<\/p>\n","protected":false},"author":1,"featured_media":218,"parent":0,"menu_order":0,"comment_status":"closed","ping_status":"closed","template":"","meta":{"footnotes":""},"class_list":["post-1950","page","type-page","status-publish","has-post-thumbnail","hentry","item-inner"],"yoast_head":"<!-- This site is optimized with the Yoast SEO plugin v23.9 - https:\/\/yoast.com\/wordpress\/plugins\/seo\/ -->\n<title>Blog - Mind Map MKT Digital<\/title>\n<meta name=\"robots\" content=\"index, follow, max-snippet:-1, max-image-preview:large, max-video-preview:-1\" \/>\n<link rel=\"canonical\" href=\"https:\/\/www.mindmapmktdigital.com.br\/?page_id=1950\" \/>\n<meta property=\"og:locale\" content=\"pt_BR\" \/>\n<meta property=\"og:type\" content=\"article\" \/>\n<meta property=\"og:title\" content=\"Blog - Mind Map MKT Digital\" \/>\n<meta property=\"og:description\" content=\"Sobre a Mind Map Sobre n\u00f3s Servi\u00e7os Guia r\u00e1pido de servi\u00e7os Blog Contato BLOG Mkt digital ao seu alcance 28 jul Admin 0 Comment Conhe\u00e7a o M\u00e9todo AIDA Leia Mais 28 jul Admin 0 Comment Insights Valiosos de M\u00eddias Sociais Leia Mais Sua identidade define quem voc\u00ea \u00e9, sua estrat\u00e9gia mostra at\u00e9 onde pode chegar....\" \/>\n<meta property=\"og:url\" content=\"https:\/\/www.mindmapmktdigital.com.br\/?page_id=1950\" \/>\n<meta property=\"og:site_name\" content=\"Mind Map MKT Digital\" \/>\n<meta property=\"article:modified_time\" content=\"2025-02-21T20:01:05+00:00\" \/>\n<meta property=\"og:image\" content=\"https:\/\/www.mindmapmktdigital.com.br\/wp-content\/uploads\/2023\/07\/3.jpg\" \/>\n\t<meta property=\"og:image:width\" content=\"800\" \/>\n\t<meta property=\"og:image:height\" content=\"600\" \/>\n\t<meta property=\"og:image:type\" content=\"image\/jpeg\" \/>\n<meta name=\"twitter:card\" content=\"summary_large_image\" \/>\n<meta name=\"twitter:label1\" content=\"Est. tempo de leitura\" \/>\n\t<meta name=\"twitter:data1\" content=\"2 minutos\" \/>\n<script type=\"application\/ld+json\" class=\"yoast-schema-graph\">{\"@context\":\"https:\/\/schema.org\",\"@graph\":[{\"@type\":\"WebPage\",\"@id\":\"https:\/\/www.mindmapmktdigital.com.br\/?page_id=1950\",\"url\":\"https:\/\/www.mindmapmktdigital.com.br\/?page_id=1950\",\"name\":\"Blog - Mind Map MKT Digital\",\"isPartOf\":{\"@id\":\"https:\/\/www.mindmapmktdigital.com.br\/#website\"},\"primaryImageOfPage\":{\"@id\":\"https:\/\/www.mindmapmktdigital.com.br\/?page_id=1950#primaryimage\"},\"image\":{\"@id\":\"https:\/\/www.mindmapmktdigital.com.br\/?page_id=1950#primaryimage\"},\"thumbnailUrl\":\"https:\/\/www.mindmapmktdigital.com.br\/wp-content\/uploads\/2023\/07\/3.jpg\",\"datePublished\":\"2024-12-17T13:31:57+00:00\",\"dateModified\":\"2025-02-21T20:01:05+00:00\",\"breadcrumb\":{\"@id\":\"https:\/\/www.mindmapmktdigital.com.br\/?page_id=1950#breadcrumb\"},\"inLanguage\":\"pt-BR\",\"potentialAction\":[{\"@type\":\"ReadAction\",\"target\":[\"https:\/\/www.mindmapmktdigital.com.br\/?page_id=1950\"]}]},{\"@type\":\"ImageObject\",\"inLanguage\":\"pt-BR\",\"@id\":\"https:\/\/www.mindmapmktdigital.com.br\/?page_id=1950#primaryimage\",\"url\":\"https:\/\/www.mindmapmktdigital.com.br\/wp-content\/uploads\/2023\/07\/3.jpg\",\"contentUrl\":\"https:\/\/www.mindmapmktdigital.com.br\/wp-content\/uploads\/2023\/07\/3.jpg\",\"width\":800,\"height\":600},{\"@type\":\"BreadcrumbList\",\"@id\":\"https:\/\/www.mindmapmktdigital.com.br\/?page_id=1950#breadcrumb\",\"itemListElement\":[{\"@type\":\"ListItem\",\"position\":1,\"name\":\"In\u00edcio\",\"item\":\"https:\/\/www.mindmapmktdigital.com.br\/\"},{\"@type\":\"ListItem\",\"position\":2,\"name\":\"Blog\"}]},{\"@type\":\"WebSite\",\"@id\":\"https:\/\/www.mindmapmktdigital.com.br\/#website\",\"url\":\"https:\/\/www.mindmapmktdigital.com.br\/\",\"name\":\"Mind Map MKT Digital\",\"description\":\" \u2728 Destaque sua marca com storytelling, mkt digital, RA e 3D.\",\"publisher\":{\"@id\":\"https:\/\/www.mindmapmktdigital.com.br\/#organization\"},\"potentialAction\":[{\"@type\":\"SearchAction\",\"target\":{\"@type\":\"EntryPoint\",\"urlTemplate\":\"https:\/\/www.mindmapmktdigital.com.br\/?s={search_term_string}\"},\"query-input\":{\"@type\":\"PropertyValueSpecification\",\"valueRequired\":true,\"valueName\":\"search_term_string\"}}],\"inLanguage\":\"pt-BR\"},{\"@type\":\"Organization\",\"@id\":\"https:\/\/www.mindmapmktdigital.com.br\/#organization\",\"name\":\"Mind Map MKT Digital\",\"url\":\"https:\/\/www.mindmapmktdigital.com.br\/\",\"logo\":{\"@type\":\"ImageObject\",\"inLanguage\":\"pt-BR\",\"@id\":\"https:\/\/www.mindmapmktdigital.com.br\/#\/schema\/logo\/image\/\",\"url\":\"https:\/\/www.mindmapmktdigital.com.br\/wp-content\/uploads\/2024\/10\/MKT_sFundoB.png\",\"contentUrl\":\"https:\/\/www.mindmapmktdigital.com.br\/wp-content\/uploads\/2024\/10\/MKT_sFundoB.png\",\"width\":1645,\"height\":729,\"caption\":\"Mind Map MKT Digital\"},\"image\":{\"@id\":\"https:\/\/www.mindmapmktdigital.com.br\/#\/schema\/logo\/image\/\"}}]}<\/script>\n<!-- \/ Yoast SEO plugin. -->","yoast_head_json":{"title":"Blog - Mind Map MKT Digital","robots":{"index":"index","follow":"follow","max-snippet":"max-snippet:-1","max-image-preview":"max-image-preview:large","max-video-preview":"max-video-preview:-1"},"canonical":"https:\/\/www.mindmapmktdigital.com.br\/?page_id=1950","og_locale":"pt_BR","og_type":"article","og_title":"Blog - Mind Map MKT Digital","og_description":"Sobre a Mind Map Sobre n\u00f3s Servi\u00e7os Guia r\u00e1pido de servi\u00e7os Blog Contato BLOG Mkt digital ao seu alcance 28 jul Admin 0 Comment Conhe\u00e7a o M\u00e9todo AIDA Leia Mais 28 jul Admin 0 Comment Insights Valiosos de M\u00eddias Sociais Leia Mais Sua identidade define quem voc\u00ea \u00e9, sua estrat\u00e9gia mostra at\u00e9 onde pode chegar....","og_url":"https:\/\/www.mindmapmktdigital.com.br\/?page_id=1950","og_site_name":"Mind Map MKT Digital","article_modified_time":"2025-02-21T20:01:05+00:00","og_image":[{"width":800,"height":600,"url":"https:\/\/www.mindmapmktdigital.com.br\/wp-content\/uploads\/2023\/07\/3.jpg","type":"image\/jpeg"}],"twitter_card":"summary_large_image","twitter_misc":{"Est. tempo de leitura":"2 minutos"},"schema":{"@context":"https:\/\/schema.org","@graph":[{"@type":"WebPage","@id":"https:\/\/www.mindmapmktdigital.com.br\/?page_id=1950","url":"https:\/\/www.mindmapmktdigital.com.br\/?page_id=1950","name":"Blog - Mind Map MKT Digital","isPartOf":{"@id":"https:\/\/www.mindmapmktdigital.com.br\/#website"},"primaryImageOfPage":{"@id":"https:\/\/www.mindmapmktdigital.com.br\/?page_id=1950#primaryimage"},"image":{"@id":"https:\/\/www.mindmapmktdigital.com.br\/?page_id=1950#primaryimage"},"thumbnailUrl":"https:\/\/www.mindmapmktdigital.com.br\/wp-content\/uploads\/2023\/07\/3.jpg","datePublished":"2024-12-17T13:31:57+00:00","dateModified":"2025-02-21T20:01:05+00:00","breadcrumb":{"@id":"https:\/\/www.mindmapmktdigital.com.br\/?page_id=1950#breadcrumb"},"inLanguage":"pt-BR","potentialAction":[{"@type":"ReadAction","target":["https:\/\/www.mindmapmktdigital.com.br\/?page_id=1950"]}]},{"@type":"ImageObject","inLanguage":"pt-BR","@id":"https:\/\/www.mindmapmktdigital.com.br\/?page_id=1950#primaryimage","url":"https:\/\/www.mindmapmktdigital.com.br\/wp-content\/uploads\/2023\/07\/3.jpg","contentUrl":"https:\/\/www.mindmapmktdigital.com.br\/wp-content\/uploads\/2023\/07\/3.jpg","width":800,"height":600},{"@type":"BreadcrumbList","@id":"https:\/\/www.mindmapmktdigital.com.br\/?page_id=1950#breadcrumb","itemListElement":[{"@type":"ListItem","position":1,"name":"In\u00edcio","item":"https:\/\/www.mindmapmktdigital.com.br\/"},{"@type":"ListItem","position":2,"name":"Blog"}]},{"@type":"WebSite","@id":"https:\/\/www.mindmapmktdigital.com.br\/#website","url":"https:\/\/www.mindmapmktdigital.com.br\/","name":"Mind Map MKT Digital","description":" \u2728 Destaque sua marca com storytelling, mkt digital, RA e 3D.","publisher":{"@id":"https:\/\/www.mindmapmktdigital.com.br\/#organization"},"potentialAction":[{"@type":"SearchAction","target":{"@type":"EntryPoint","urlTemplate":"https:\/\/www.mindmapmktdigital.com.br\/?s={search_term_string}"},"query-input":{"@type":"PropertyValueSpecification","valueRequired":true,"valueName":"search_term_string"}}],"inLanguage":"pt-BR"},{"@type":"Organization","@id":"https:\/\/www.mindmapmktdigital.com.br\/#organization","name":"Mind Map MKT Digital","url":"https:\/\/www.mindmapmktdigital.com.br\/","logo":{"@type":"ImageObject","inLanguage":"pt-BR","@id":"https:\/\/www.mindmapmktdigital.com.br\/#\/schema\/logo\/image\/","url":"https:\/\/www.mindmapmktdigital.com.br\/wp-content\/uploads\/2024\/10\/MKT_sFundoB.png","contentUrl":"https:\/\/www.mindmapmktdigital.com.br\/wp-content\/uploads\/2024\/10\/MKT_sFundoB.png","width":1645,"height":729,"caption":"Mind Map MKT Digital"},"image":{"@id":"https:\/\/www.mindmapmktdigital.com.br\/#\/schema\/logo\/image\/"}}]}},"_links":{"self":[{"href":"https:\/\/www.mindmapmktdigital.com.br\/index.php?rest_route=\/wp\/v2\/pages\/1950","targetHints":{"allow":["GET"]}}],"collection":[{"href":"https:\/\/www.mindmapmktdigital.com.br\/index.php?rest_route=\/wp\/v2\/pages"}],"about":[{"href":"https:\/\/www.mindmapmktdigital.com.br\/index.php?rest_route=\/wp\/v2\/types\/page"}],"author":[{"embeddable":true,"href":"https:\/\/www.mindmapmktdigital.com.br\/index.php?rest_route=\/wp\/v2\/users\/1"}],"replies":[{"embeddable":true,"href":"https:\/\/www.mindmapmktdigital.com.br\/index.php?rest_route=%2Fwp%2Fv2%2Fcomments&post=1950"}],"version-history":[{"count":28,"href":"https:\/\/www.mindmapmktdigital.com.br\/index.php?rest_route=\/wp\/v2\/pages\/1950\/revisions"}],"predecessor-version":[{"id":2291,"href":"https:\/\/www.mindmapmktdigital.com.br\/index.php?rest_route=\/wp\/v2\/pages\/1950\/revisions\/2291"}],"wp:featuredmedia":[{"embeddable":true,"href":"https:\/\/www.mindmapmktdigital.com.br\/index.php?rest_route=\/wp\/v2\/media\/218"}],"wp:attachment":[{"href":"https:\/\/www.mindmapmktdigital.com.br\/index.php?rest_route=%2Fwp%2Fv2%2Fmedia&parent=1950"}],"curies":[{"name":"wp","href":"https:\/\/api.w.org\/{rel}","templated":true}]}}